{"id":1282,"date":"2019-02-10T14:23:52","date_gmt":"2019-02-10T13:23:52","guid":{"rendered":"http:\/\/www.fotochudzik.pl\/?page_id=1282"},"modified":"2019-02-10T14:54:51","modified_gmt":"2019-02-10T13:54:51","slug":"jak-przygotowac-sie-do-sesji","status":"publish","type":"page","link":"https:\/\/www.fotochudzik.pl\/index.php\/jak-przygotowac-sie-do-sesji\/","title":{"rendered":""},"content":{"rendered":"<h1 style=\"text-align: center;\"><u><strong>Sesja Ci\u0105\u017cowa<\/strong><\/u><\/h1>\n<p>Sesja ci\u0105\u017cowa pozwala uwieczni\u0107 niezapomniany moment z czasu kiedy nosi si\u0119 dziecko pod sercem.\u00a0 Zdj\u0119cia pozwol\u0105 wr\u00f3ci\u0107 do szcz\u0119\u015bliwych chwil jakimi \u00a0jest czas oczekiwania na dziecko.<\/p>\n<p>Zapraszam wszystkie przysz\u0142e mamy chc\u0105ce uwieczni\u0107 ten szczeg\u00f3lny stan na zdj\u0119ciach.<\/p>\n<p><strong><u>Kiedy wykona\u0107 sesj\u0119 ci\u0105\u017cow\u0105?<\/u><\/strong><\/p>\n<p>Sesj\u0119 z brzuszkiem najlepiej wykona\u0107 oko\u0142o 8 miesi\u0105ca, brzuszek jest ju\u017c \u0142adnie widoczny a mama czuje si\u0119 na tyle dobrze aby mie\u0107 przyjemno\u015b\u0107 z sesji. Oczywi\u015bcie to sprawa indywidualna i to od Ciebie zale\u017cy kiedy um\u00f3wimy si\u0119 na sesj\u0119. W sesji mo\u017ce uczestniczy\u0107 partner jaki i starsze rodze\u0144stwo.<\/p>\n<p><strong><u>Sesja ci\u0105\u017cowa \u2013 jak si\u0119 do niej przygotowa\u0107?<\/u><\/strong><\/p>\n<p>Do sesji ci\u0105\u017cowej najlepiej przygotowa\u0107, bia\u0142\u0105 i czarn\u0105 bielizna (najlepiej g\u0142adka), przyda si\u0119 r\u00f3wnie\u017c koszula, kt\u00f3ra zapi\u0119ta b\u0119dzie tylko na biu\u015bcie (najlepiej bia\u0142a lub czarna), jeansy lub inne g\u0142adkie spodnie. Makija\u017c mo\u017ce by\u0107 troch\u0119 mocniejszy ni\u017c zazwyczaj.<br \/>\nFryzura niech wygl\u0105da naturalnie, mog\u0119 wykona\u0107 r\u00f3wnie\u017c kilka zdj\u0119\u0107 d\u0142oni, prosz\u0119 wi\u0119c pami\u0119ta\u0107<br \/>\no paznokciach.<\/p>\n<p>Je\u017celi w sesji uczestniczy\u0107 b\u0119dzie Tw\u00f3j Partner lub starsze dziecko, prosz\u0119 zabra\u0107 dla nich ubrania pasuj\u0105ce kolorystycznie do siebie (najlepiej bez wzor\u00f3w).<\/p>\n<p>Warto r\u00f3wnie\u017c wzi\u0105\u0107 na sesj\u0119 ma\u0142e buciki, zdj\u0119cie USG dziecka.<\/p>\n<p>W warunkach studyjnych sporo zdj\u0119\u0107 wykonuj\u0119 na go\u0142e stopy.<\/p>\n<h1 style=\"text-align: center;\"><u><strong>Sesja Noworodkowa<\/strong><\/u><\/h1>\n<p>Pierwsze dni \u017cycia maluszka to czas wyj\u0105tkowy i niepowtarzalny, warto wi\u0119c uwieczni\u0107 ten szczeg\u00f3lny moment\u00a0na fotografii. B\u0119dzie do niezwyk\u0142a pami\u0105tka dla rodzic\u00f3w, jak i samego dziecka, do kt\u00f3rej ca\u0142a rodzina b\u0119dzie wraca\u0107 przez d\u0142ugie lata.<\/p>\n<p><strong><u>Kiedy wykona\u0107 sesj\u0119 noworodkow\u0105?<\/u><\/strong><\/p>\n<p>Najlepszy czas na wykonanie sesji noworodkowej to pierwsze 14 dni \u017cycia dziecka. Jest to czas w kt\u00f3rym noworodki du\u017co \u015bpi\u0105, a ich sen jest spokojny i g\u0142\u0119boki. Noworodek pami\u0119ta jeszcze pozycj\u0119 z \u017cycia w \u0142onie mamy i ch\u0119tnie je przybiera, mo\u017cna je \u0142atwo u\u0142o\u017cy\u0107 w bezpieczne pozycje.<\/p>\n<p><strong><u>Podstawowe informacje na temat sesji.<\/u><\/strong><\/p>\n<p>Sesja noworodkowa trwa oko\u0142o 3-5 godzin. D\u0142ugo\u015b\u0107 sesji zale\u017cy od nastroju Maluszka, kt\u00f3rego trzeba b\u0119dzie podczas takiej sesji przewin\u0105\u0107, nakarmi\u0107 i utuli\u0107 do snu. Ze swojej strony zapewniam tyle czasu, ile tylko b\u0119dzie potrzebne. Sesja powinna odbywa\u0107 si\u0119 w spokojnej atmosferze, bez po\u015bpiechu. W swoim studio posiadam wszelkie ubranka i rekwizyty. Podczas sesji priorytetem jest bezpiecze\u0144stwo i komfort Maluszka, do niego dostosowuj\u0119 t\u0119po pracy.<\/p>\n<p>Studio przed sesj\u0105 jest wietrzone i je\u017celi jest taka potrzeba, ogrzewane do temperatury 25-27 stopni C. \u00a0Wszystkie ciuszki, kocyki i owijki prane s\u0105 w proszku dla niemowl\u0105t.<\/p>\n<p>Je\u017celi w sesji ma wzi\u0105\u0107 udzia\u0142 starsze rodze\u0144stwo, najlepiej b\u0119dzie, je\u017celi do\u0142\u0105cz\u0105 do nas pod koniec sesji.<\/p>\n<p><strong><u>Jak si\u0119 przygotowa\u0107 do sesji?<\/u><\/strong><\/p>\n<p>Wi\u0119kszo\u015b\u0107 czasu podczas sesji zajmuje usypianie Maluszka, aby przy\u015bpieszy\u0107 jego za\u015bni\u0119cie najlepiej, aby maluszek nie spa\u0142 i nie jad\u0142 oko\u0142o 1,5 godziny przed zdj\u0119ciami. Czas na karmienie przewidziany jest przed wykonaniem pierwszych uj\u0119\u0107. Je\u017celi dziecko karmione jest mlekiem modyfikowanym, prosz\u0119 zabra\u0107 go tyle, by starczy\u0142o na oko\u0142o 4 karmienia. Ponadto prosz\u0119 zabra\u0107 pieluszki, kocyk do okrycia male\u0144stwa i smoczek, je\u015bli Pa\u0144stwa dziecko go u\u017cywa.<\/p>\n<p>Do zdj\u0119\u0107 rodzinnych najlepiej przygotowa\u0107 koszulki, koszule, bluzki jednokolorowe, bez zb\u0119dnych napis\u00f3w i wzor\u00f3w.<\/p>\n","protected":false},"excerpt":{"rendered":"<p>Sesja Ci\u0105\u017cowa Sesja ci\u0105\u017cowa pozwala uwieczni\u0107 niezapomniany moment z czasu kiedy nosi si\u0119 dziecko pod sercem.\u00a0 Zdj\u0119cia pozwol\u0105 wr\u00f3ci\u0107 do szcz\u0119\u015bliwych chwil jakimi \u00a0jest czas oczekiwania na dziecko. Zapraszam wszystkie przysz\u0142e mamy chc\u0105ce uwieczni\u0107 ten szczeg\u00f3lny stan na zdj\u0119ciach. Kiedy wykona\u0107 sesj\u0119 ci\u0105\u017cow\u0105? Sesj\u0119 z brzuszkiem najlepiej wykona\u0107 oko\u0142o 8 miesi\u0105ca, brzuszek jest ju\u017c \u0142adnie&#8230;<\/p>\n","protected":false},"author":1,"featured_media":0,"parent":0,"menu_order":0,"comment_status":"closed","ping_status":"closed","template":"","meta":[],"_links":{"self":[{"href":"https:\/\/www.fotochudzik.pl\/index.php\/wp-json\/wp\/v2\/pages\/1282"}],"collection":[{"href":"https:\/\/www.fotochudzik.pl\/index.php\/wp-json\/wp\/v2\/pages"}],"about":[{"href":"https:\/\/www.fotochudzik.pl\/index.php\/wp-json\/wp\/v2\/types\/page"}],"author":[{"embeddable":true,"href":"https:\/\/www.fotochudzik.pl\/index.php\/wp-json\/wp\/v2\/users\/1"}],"replies":[{"embeddable":true,"href":"https:\/\/www.fotochudzik.pl\/index.php\/wp-json\/wp\/v2\/comments?post=1282"}],"version-history":[{"count":2,"href":"https:\/\/www.fotochudzik.pl\/index.php\/wp-json\/wp\/v2\/pages\/1282\/revisions"}],"predecessor-version":[{"id":1318,"href":"https:\/\/www.fotochudzik.pl\/index.php\/wp-json\/wp\/v2\/pages\/1282\/revisions\/1318"}],"wp:attachment":[{"href":"https:\/\/www.fotochudzik.pl\/index.php\/wp-json\/wp\/v2\/media?parent=1282"}],"curies":[{"name":"wp","href":"https:\/\/api.w.org\/{rel}","templated":true}]}}