{"id":164,"date":"2017-04-02T13:10:37","date_gmt":"2017-04-02T11:10:37","guid":{"rendered":"http:\/\/www.fotochudzik.pl\/?page_id=164"},"modified":"2020-01-01T10:45:48","modified_gmt":"2020-01-01T09:45:48","slug":"glowna","status":"publish","type":"page","link":"https:\/\/www.fotochudzik.pl\/","title":{"rendered":""},"content":{"rendered":"<p>&nbsp;<\/p>\n<p>Fotografia ci\u0105\u017cowa, noworodkowa, dzieci\u0119ca, rodzinna Przemy\u015bl i okolice.<\/p>\n<p>Serdecznie zapraszam.<\/p>\n<p>&nbsp;<\/p>\n","protected":false},"excerpt":{"rendered":"<p>&nbsp; Fotografia ci\u0105\u017cowa, noworodkowa, dzieci\u0119ca, rodzinna Przemy\u015bl i okolice. Serdecznie zapraszam. &nbsp;<\/p>\n","protected":false},"author":1,"featured_media":0,"parent":0,"menu_order":0,"comment_status":"closed","ping_status":"closed","template":"","meta":[],"_links":{"self":[{"href":"https:\/\/www.fotochudzik.pl\/index.php\/wp-json\/wp\/v2\/pages\/164"}],"collection":[{"href":"https:\/\/www.fotochudzik.pl\/index.php\/wp-json\/wp\/v2\/pages"}],"about":[{"href":"https:\/\/www.fotochudzik.pl\/index.php\/wp-json\/wp\/v2\/types\/page"}],"author":[{"embeddable":true,"href":"https:\/\/www.fotochudzik.pl\/index.php\/wp-json\/wp\/v2\/users\/1"}],"replies":[{"embeddable":true,"href":"https:\/\/www.fotochudzik.pl\/index.php\/wp-json\/wp\/v2\/comments?post=164"}],"version-history":[{"count":18,"href":"https:\/\/www.fotochudzik.pl\/index.php\/wp-json\/wp\/v2\/pages\/164\/revisions"}],"predecessor-version":[{"id":1758,"href":"https:\/\/www.fotochudzik.pl\/index.php\/wp-json\/wp\/v2\/pages\/164\/revisions\/1758"}],"wp:attachment":[{"href":"https:\/\/www.fotochudzik.pl\/index.php\/wp-json\/wp\/v2\/media?parent=164"}],"curies":[{"name":"wp","href":"https:\/\/api.w.org\/{rel}","templated":true}]}}