{"id":19,"date":"2017-03-12T20:26:46","date_gmt":"2017-03-12T19:26:46","guid":{"rendered":"http:\/\/www.fotochudzik.pl\/?page_id=19"},"modified":"2026-01-12T21:29:41","modified_gmt":"2026-01-12T20:29:41","slug":"cennik","status":"publish","type":"page","link":"https:\/\/www.fotochudzik.pl\/index.php\/cennik\/","title":{"rendered":""},"content":{"rendered":"\n<h1>CENNIK<\/h1>\n\n\n\n<h1>&nbsp;<\/h1>\n\n\n\n<h1><u><strong>Sesja Ci\u0105\u017cowa<\/strong><\/u><\/h1>\n\n\n<div class=\"wp-block-image\">\n<figure class=\"aligncenter\"><img decoding=\"async\" loading=\"lazy\" width=\"300\" height=\"200\" src=\"https:\/\/www.fotochudzik.pl\/wp-content\/uploads\/2022\/10\/FotoChudzik_011-6-300x200.jpg\" alt=\"\" class=\"wp-image-3463\" srcset=\"https:\/\/www.fotochudzik.pl\/wp-content\/uploads\/2022\/10\/FotoChudzik_011-6-300x200.jpg 300w, https:\/\/www.fotochudzik.pl\/wp-content\/uploads\/2022\/10\/FotoChudzik_011-6-1024x684.jpg 1024w, https:\/\/www.fotochudzik.pl\/wp-content\/uploads\/2022\/10\/FotoChudzik_011-6-768x513.jpg 768w, https:\/\/www.fotochudzik.pl\/wp-content\/uploads\/2022\/10\/FotoChudzik_011-6-1536x1025.jpg 1536w, https:\/\/www.fotochudzik.pl\/wp-content\/uploads\/2022\/10\/FotoChudzik_011-6.jpg 1600w\" sizes=\"(max-width: 300px) 100vw, 300px\" \/><\/figure><\/div>\n\n\n<p><\/p>\n\n\n\n<p class=\"has-text-align-left\"><strong><u>Cena:\u00a0 \u00a0400 z\u0142<\/u><\/strong><\/p>\n\n\n\n<ul>\n<li>10 zdj\u0119\u0107 wydrukowanych formatu 15&#215;20 cm<\/li>\n\n\n\n<li>Zdj\u0119cia w formie elektronicznej (15-20)<\/li>\n\n\n\n<li>Wszystkie suknie i dodatki dost\u0119pne w studio<\/li>\n\n\n\n<li>3 stylizacje<\/li>\n\n\n\n<li>Sesja w studio lub plenerze<\/li>\n<\/ul>\n\n\n\n<p><\/p>\n\n\n\n<p><\/p>\n\n\n\n<h1><u><strong>Sesja Noworodkowa<\/strong><\/u><\/h1>\n\n\n<div class=\"wp-block-image\">\n<figure class=\"aligncenter\"><img decoding=\"async\" loading=\"lazy\" width=\"300\" height=\"200\" src=\"https:\/\/www.fotochudzik.pl\/wp-content\/uploads\/2022\/10\/FotoChudzik_007-1-300x200.jpg\" alt=\"\" class=\"wp-image-3273\" srcset=\"https:\/\/www.fotochudzik.pl\/wp-content\/uploads\/2022\/10\/FotoChudzik_007-1-300x200.jpg 300w, https:\/\/www.fotochudzik.pl\/wp-content\/uploads\/2022\/10\/FotoChudzik_007-1-1024x683.jpg 1024w, https:\/\/www.fotochudzik.pl\/wp-content\/uploads\/2022\/10\/FotoChudzik_007-1-768x512.jpg 768w, https:\/\/www.fotochudzik.pl\/wp-content\/uploads\/2022\/10\/FotoChudzik_007-1-1536x1024.jpg 1536w, https:\/\/www.fotochudzik.pl\/wp-content\/uploads\/2022\/10\/FotoChudzik_007-1.jpg 1600w\" sizes=\"(max-width: 300px) 100vw, 300px\" \/><\/figure><\/div>\n\n\n<p class=\"has-text-align-left\"><\/p>\n\n\n\n<p><strong><u>Cena :&nbsp; 550 z\u0142<\/u><\/strong><\/p>\n\n\n\n<ul>\n<li>10 zdj\u0119\u0107 wydrukowanych formatu 15&#215;20 cm<\/li>\n\n\n\n<li>Zdj\u0119cia w formie elektronicznej (15-20)<\/li>\n\n\n\n<li>4 stylizacji dziecka<\/li>\n\n\n\n<li>Uj\u0119cia z rodzicami i rodze\u0144stwem<\/li>\n<\/ul>\n\n\n\n<p><\/p>\n\n\n\n<p><\/p>\n\n\n\n<h1><strong><u>Sesja dzieci\u0119ca <\/u><\/strong><\/h1>\n\n\n<div class=\"wp-block-image\">\n<figure class=\"aligncenter\"><img decoding=\"async\" loading=\"lazy\" width=\"300\" height=\"200\" src=\"https:\/\/www.fotochudzik.pl\/wp-content\/uploads\/2021\/02\/FotoChudzik_001-18-300x200.jpg\" alt=\"\" class=\"wp-image-2938\" srcset=\"https:\/\/www.fotochudzik.pl\/wp-content\/uploads\/2021\/02\/FotoChudzik_001-18-300x200.jpg 300w, https:\/\/www.fotochudzik.pl\/wp-content\/uploads\/2021\/02\/FotoChudzik_001-18-768x512.jpg 768w, https:\/\/www.fotochudzik.pl\/wp-content\/uploads\/2021\/02\/FotoChudzik_001-18-1024x682.jpg 1024w, https:\/\/www.fotochudzik.pl\/wp-content\/uploads\/2021\/02\/FotoChudzik_001-18.jpg 1600w\" sizes=\"(max-width: 300px) 100vw, 300px\" \/><\/figure><\/div>\n\n\n<p><\/p>\n\n\n\n<p class=\"has-text-align-left\"><strong><u>Cena : 350 z\u0142<\/u><\/strong><\/p>\n\n\n\n<ul>\n<li>10 zdj\u0119\u0107 wydrukowanych formatu 15&#215;20 cm<\/li>\n\n\n\n<li>Zdj\u0119cia w formie elektronicznej (15-20)<\/li>\n\n\n\n<li>3 stylizacje dziecka<\/li>\n<\/ul>\n\n\n\n<h1>\u00a0<\/h1>\n\n\n\n<h1><u><strong>Sesja\u00a0urodzinowa<\/strong><\/u><\/h1>\n\n\n<div class=\"wp-block-image\">\n<figure class=\"aligncenter\"><img decoding=\"async\" loading=\"lazy\" width=\"300\" height=\"200\" src=\"https:\/\/www.fotochudzik.pl\/wp-content\/uploads\/2021\/02\/FotoChudzik_002-9-300x200.jpg\" alt=\"\" class=\"wp-image-2630\" srcset=\"https:\/\/www.fotochudzik.pl\/wp-content\/uploads\/2021\/02\/FotoChudzik_002-9-300x200.jpg 300w, https:\/\/www.fotochudzik.pl\/wp-content\/uploads\/2021\/02\/FotoChudzik_002-9-768x512.jpg 768w, https:\/\/www.fotochudzik.pl\/wp-content\/uploads\/2021\/02\/FotoChudzik_002-9-1024x682.jpg 1024w, https:\/\/www.fotochudzik.pl\/wp-content\/uploads\/2021\/02\/FotoChudzik_002-9.jpg 1600w\" sizes=\"(max-width: 300px) 100vw, 300px\" \/><\/figure><\/div>\n\n\n<p><\/p>\n\n\n\n<p class=\"has-text-align-left\"><strong><u>Cena:\u00a0 350 z\u0142<\/u><\/strong><\/p>\n\n\n\n<ul>\n<li>10 zdj\u0119\u0107 wydrukowanych formatu 15&#215;20 cm<\/li>\n\n\n\n<li>Zdj\u0119cia w formie elektronicznej (15-20)<\/li>\n\n\n\n<li>1 sceneria \/z tortem i w wannie\/<\/li>\n\n\n\n<li>Uj\u0119cia z rodzicami<\/li>\n\n\n\n<li>Sesja \u0142\u0105czona dwoje dzieci dop\u0142ata 100 z\u0142<\/li>\n<\/ul>\n\n\n\n<p><\/p>\n\n\n\n<p><\/p>\n\n\n\n<h1><u><strong>Sesja rodzinna<\/strong><\/u><\/h1>\n\n\n\n<h1><img decoding=\"async\" loading=\"lazy\" class=\"size-medium wp-image-3331 aligncenter\" src=\"https:\/\/www.fotochudzik.pl\/wp-content\/uploads\/2022\/10\/FotoChudzik_021-1-300x200.jpg\" alt=\"\" width=\"300\" height=\"200\" srcset=\"https:\/\/www.fotochudzik.pl\/wp-content\/uploads\/2022\/10\/FotoChudzik_021-1-300x200.jpg 300w, https:\/\/www.fotochudzik.pl\/wp-content\/uploads\/2022\/10\/FotoChudzik_021-1-1024x683.jpg 1024w, https:\/\/www.fotochudzik.pl\/wp-content\/uploads\/2022\/10\/FotoChudzik_021-1-768x512.jpg 768w, https:\/\/www.fotochudzik.pl\/wp-content\/uploads\/2022\/10\/FotoChudzik_021-1-1536x1024.jpg 1536w, https:\/\/www.fotochudzik.pl\/wp-content\/uploads\/2022\/10\/FotoChudzik_021-1.jpg 1600w\" sizes=\"(max-width: 300px) 100vw, 300px\" \/><\/h1>\n\n\n\n<h1><strong style=\"font-size: 16px;\"><u>Cena:&nbsp; 400 z\u0142<\/u><\/strong><\/h1>\n\n\n\n<ul>\n<li>10 zdj\u0119\u0107 wydrukowanych formatu 15&#215;20 cm<\/li>\n\n\n\n<li>Zdj\u0119cia w formie elektronicznej (15-20)<\/li>\n\n\n\n<li>Sesja klasyczna czarne i bia\u0142e t\u0142o<\/li>\n<\/ul>\n\n\n\n<p><\/p>\n\n\n\n<p><\/p>\n\n\n\n<h1><u><strong>Sesja bia\u0142a<\/strong><\/u><\/h1>\n\n\n\n<h1><img decoding=\"async\" loading=\"lazy\" class=\"size-medium wp-image-2735 aligncenter\" src=\"https:\/\/www.fotochudzik.pl\/wp-content\/uploads\/2021\/02\/FotoChudzik_008-14-300x200.jpg\" alt=\"\" width=\"300\" height=\"200\" srcset=\"https:\/\/www.fotochudzik.pl\/wp-content\/uploads\/2021\/02\/FotoChudzik_008-14-300x200.jpg 300w, https:\/\/www.fotochudzik.pl\/wp-content\/uploads\/2021\/02\/FotoChudzik_008-14-768x512.jpg 768w, https:\/\/www.fotochudzik.pl\/wp-content\/uploads\/2021\/02\/FotoChudzik_008-14-1024x682.jpg 1024w, https:\/\/www.fotochudzik.pl\/wp-content\/uploads\/2021\/02\/FotoChudzik_008-14.jpg 1600w\" sizes=\"(max-width: 300px) 100vw, 300px\" \/><\/h1>\n\n\n\n<h1><strong style=\"font-size: 16px;\"><u>Cena: 400 z\u0142<\/u><\/strong><\/h1>\n\n\n\n<ul>\n<li>10 zdj\u0119\u0107 wydrukowanych formatu 15&#215;20 cm<\/li>\n\n\n\n<li>Zdj\u0119cia w formie elektronicznej (15-20)<\/li>\n\n\n\n<li>1 stylizacja<\/li>\n\n\n\n<li>sesje bia\u0142e odbywaj\u0105 si\u0119 w studio od kwietnia do wrze\u015bnia<\/li>\n<\/ul>\n\n\n\n<h1>&nbsp;<\/h1>\n\n\n\n<h1><u><strong>Sesja kobieca<\/strong><\/u><\/h1>\n\n\n\n<h1>\u00a0<img decoding=\"async\" loading=\"lazy\" width=\"300\" height=\"200\" class=\"size-medium wp-image-3165 aligncenter\" src=\"https:\/\/www.fotochudzik.pl\/wp-content\/uploads\/2022\/07\/FotoChudzik_010-300x200.jpg\" alt=\"\" srcset=\"https:\/\/www.fotochudzik.pl\/wp-content\/uploads\/2022\/07\/FotoChudzik_010-300x200.jpg 300w, https:\/\/www.fotochudzik.pl\/wp-content\/uploads\/2022\/07\/FotoChudzik_010-1024x682.jpg 1024w, https:\/\/www.fotochudzik.pl\/wp-content\/uploads\/2022\/07\/FotoChudzik_010-768x512.jpg 768w, https:\/\/www.fotochudzik.pl\/wp-content\/uploads\/2022\/07\/FotoChudzik_010-1536x1023.jpg 1536w, https:\/\/www.fotochudzik.pl\/wp-content\/uploads\/2022\/07\/FotoChudzik_010.jpg 1600w\" sizes=\"(max-width: 300px) 100vw, 300px\" \/><\/h1>\n\n\n\n<h1><strong style=\"font-size: 16px;\"><u>Cena: 450 z\u0142<\/u><\/strong><\/h1>\n\n\n\n<ul>\n<li>10 zdj\u0119\u0107 wydrukowanych formatu 15&#215;20 cm<\/li>\n\n\n\n<li>Zdj\u0119cia w formie elektronicznej (15-20)<\/li>\n\n\n\n<li>3 stylizacje<\/li>\n\n\n\n<li>Studio lub plener<\/li>\n<\/ul>\n","protected":false},"excerpt":{"rendered":"<p>CENNIK &nbsp; Sesja Ci\u0105\u017cowa Cena:\u00a0 \u00a0400 z\u0142 Sesja Noworodkowa Cena :&nbsp; 550 z\u0142 Sesja dzieci\u0119ca Cena : 350 z\u0142 \u00a0 Sesja\u00a0urodzinowa Cena:\u00a0 350 z\u0142 Sesja rodzinna Cena:&nbsp; 400 z\u0142 Sesja bia\u0142a Cena: 400 z\u0142 &nbsp; Sesja kobieca \u00a0 Cena: 450 z\u0142<\/p>\n","protected":false},"author":1,"featured_media":0,"parent":0,"menu_order":0,"comment_status":"closed","ping_status":"closed","template":"","meta":[],"_links":{"self":[{"href":"https:\/\/www.fotochudzik.pl\/index.php\/wp-json\/wp\/v2\/pages\/19"}],"collection":[{"href":"https:\/\/www.fotochudzik.pl\/index.php\/wp-json\/wp\/v2\/pages"}],"about":[{"href":"https:\/\/www.fotochudzik.pl\/index.php\/wp-json\/wp\/v2\/types\/page"}],"author":[{"embeddable":true,"href":"https:\/\/www.fotochudzik.pl\/index.php\/wp-json\/wp\/v2\/users\/1"}],"replies":[{"embeddable":true,"href":"https:\/\/www.fotochudzik.pl\/index.php\/wp-json\/wp\/v2\/comments?post=19"}],"version-history":[{"count":49,"href":"https:\/\/www.fotochudzik.pl\/index.php\/wp-json\/wp\/v2\/pages\/19\/revisions"}],"predecessor-version":[{"id":3606,"href":"https:\/\/www.fotochudzik.pl\/index.php\/wp-json\/wp\/v2\/pages\/19\/revisions\/3606"}],"wp:attachment":[{"href":"https:\/\/www.fotochudzik.pl\/index.php\/wp-json\/wp\/v2\/media?parent=19"}],"curies":[{"name":"wp","href":"https:\/\/api.w.org\/{rel}","templated":true}]}}