{"id":21,"date":"2017-03-12T20:26:57","date_gmt":"2017-03-12T19:26:57","guid":{"rendered":"http:\/\/www.fotochudzik.pl\/?page_id=21"},"modified":"2024-02-21T19:02:31","modified_gmt":"2024-02-21T18:02:31","slug":"kontakt","status":"publish","type":"page","link":"https:\/\/www.fotochudzik.pl\/index.php\/kontakt\/","title":{"rendered":""},"content":{"rendered":"<h1 style=\"text-align: center;\">KONTAKT<\/h1>\n<p>Fotografia A. Chudzik<\/p>\n<p>ul. \u0141ukasi\u0144skiego 7 (Budynek Assistance Electriq) pierwsze pi\u0119tro pok\u00f3j nr 10 i 11<\/p>\n<p>37-700 Przemy\u015bl<\/p>\n<p>NIP : 795 167 65 97<\/p>\n<p>tel. 512 393 233<\/p>\n<p><iframe loading=\"lazy\" style=\"border: 0;\" tabindex=\"0\" src=\"https:\/\/www.google.com\/maps\/embed?pb=!1m18!1m12!1m3!1d2599740.2178889653!2d21.38179993229282!3d50.48190298548569!2m3!1f0!2f0!3f0!3m2!1i1024!2i768!4f13.1!3m3!1m2!1s0x473b7f2ff518716b%3A0xd15764bc020c6671!2sFotografia%20Agnieszka%20Chudzik!5e0!3m2!1spl!2spl!4v1589280957014!5m2!1spl!2spl\" width=\"800\" height=\"600\" frameborder=\"0\" allowfullscreen=\"allowfullscreen\" aria-hidden=\"false\"><\/iframe><\/p>\n","protected":false},"excerpt":{"rendered":"<p>KONTAKT Fotografia A. Chudzik ul. \u0141ukasi\u0144skiego 7 (Budynek Assistance Electriq) pierwsze pi\u0119tro pok\u00f3j nr 10 i 11 37-700 Przemy\u015bl NIP : 795 167 65 97 tel. 512 393 233<\/p>\n","protected":false},"author":1,"featured_media":0,"parent":0,"menu_order":0,"comment_status":"closed","ping_status":"closed","template":"","meta":[],"_links":{"self":[{"href":"https:\/\/www.fotochudzik.pl\/index.php\/wp-json\/wp\/v2\/pages\/21"}],"collection":[{"href":"https:\/\/www.fotochudzik.pl\/index.php\/wp-json\/wp\/v2\/pages"}],"about":[{"href":"https:\/\/www.fotochudzik.pl\/index.php\/wp-json\/wp\/v2\/types\/page"}],"author":[{"embeddable":true,"href":"https:\/\/www.fotochudzik.pl\/index.php\/wp-json\/wp\/v2\/users\/1"}],"replies":[{"embeddable":true,"href":"https:\/\/www.fotochudzik.pl\/index.php\/wp-json\/wp\/v2\/comments?post=21"}],"version-history":[{"count":20,"href":"https:\/\/www.fotochudzik.pl\/index.php\/wp-json\/wp\/v2\/pages\/21\/revisions"}],"predecessor-version":[{"id":3552,"href":"https:\/\/www.fotochudzik.pl\/index.php\/wp-json\/wp\/v2\/pages\/21\/revisions\/3552"}],"wp:attachment":[{"href":"https:\/\/www.fotochudzik.pl\/index.php\/wp-json\/wp\/v2\/media?parent=21"}],"curies":[{"name":"wp","href":"https:\/\/api.w.org\/{rel}","templated":true}]}}