{"id":3493,"date":"2022-10-31T20:12:52","date_gmt":"2022-10-31T19:12:52","guid":{"rendered":"https:\/\/www.fotochudzik.pl\/?page_id=3493"},"modified":"2024-02-21T19:03:02","modified_gmt":"2024-02-21T18:03:02","slug":"3493-2","status":"publish","type":"page","link":"https:\/\/www.fotochudzik.pl\/index.php\/3493-2\/","title":{"rendered":""},"content":{"rendered":"\n<p class=\"has-text-align-center has-large-font-size\"><strong>REGULAMIN STUDIA<\/strong><\/p>\n\n\n\n<p class=\"has-text-align-center\">A. Chudzik<\/p>\n\n\n\n<p class=\"has-text-align-center has-medium-font-size\">FOTOGRAFIA<\/p>\n\n\n\n<ol type=\"1\">\n<li>Regulamin jest obowi\u0105zkowym dokumentem z jakim obowi\u0105zek ma zapozna\u0107 si\u0119 Klient przed wykonaniem us\u0142ugi. Um\u00f3wienie si\u0119 na sesj\u0119 jest r\u00f3wnoznaczne z akceptacj\u0105 regulaminu, jego nieprzeczytanie nie zwalnia z konsekwencji jakie za sob\u0105 niesie.<\/li>\n\n\n\n<li>Zdj\u0119cia z sesji zdj\u0119ciowej przekazywane s\u0105 na pami\u0119ci przeno\u015bnej, wywo\u0142anych odbitek lub drog\u0105 elektroniczn\u0105 na adres e-mail.<\/li>\n\n\n\n<li>P\u0142atno\u015b\u0107 za sesj\u0119 czyli uregulowanie ca\u0142o\u015bci kwoty w dniu wykonywanej us\u0142ugi.<\/li>\n\n\n\n<li>Zdj\u0119cia Klient otrzymuje w formacie jpg. Nie udost\u0119pniam surowych plik\u00f3w RAW.<\/li>\n\n\n\n<li>Zdj\u0119cia, kt\u00f3re Klient otrzymuje, s\u0105 wybrane przez Fotografa, wg jego kryteri\u00f3w technicznych, merytorycznych i wizualnych.<\/li>\n\n\n\n<li>Zdj\u0119cia przechowuj\u0119 na komputerze przez 1 rok od momentu otrzymania ich przez Klienta. Prosz\u0119 zatem o utworzenie kopii, aby ich nie utraci\u0107.<\/li>\n\n\n\n<li>Klient po otrzymaniu zdj\u0119\u0107 na wskazany adres email, ma 10 dni roboczych na wybranie zdj\u0119\u0107 do wydruku. Po up\u0142ywie tego terminu fotograf ma prawo uzna\u0107 \u017ce us\u0142uga zosta\u0142a zako\u0144czona.<\/li>\n\n\n\n<li>Zdj\u0119cia i produkty dodatkowe nale\u017cy odebra\u0107 w terminie 4 miesi\u0119cy od dokonania zam\u00f3wienia wydruk\u00f3w, po tym terminie b\u0119d\u0105 niszczone.<\/li>\n\n\n\n<li>Zdj\u0119cia i produkty dodatkowe mog\u0105 zosta\u0107 przes\u0142ane do Klienta paczkomatem lub kurierem DPD za dodatkow\u0105 op\u0142at\u0105 20 z\u0142 na terenie Polski.<\/li>\n\n\n\n<li>Na zdj\u0119ciach do wydruku nie ma logo ani znak\u00f3w wodnych, chyba, \u017ce Klient zastrzega sobie prawo do publikacji. Na zdj\u0119ciach do publikacji ju\u017c znajduje si\u0119 logotyp autora fotografii.<\/li>\n\n\n\n<li>Fotografie mo\u017cna umieszcza\u0107 na portalach spo\u0142eczno\u015bciowych, aczkolwiek prosz\u0119 o dopisanie lub podlinkowanie przy zdj\u0119ciu autora.<\/li>\n\n\n\n<li>Zgodnie z zasadami prawa autorskiego, nie ma mo\u017cliwo\u015bci ingerencji w zdj\u0119cie (np. zmiana na czarnobia\u0142e, nak\u0142adanie filtr\u00f3w).<\/li>\n\n\n\n<li>Przed sesj\u0105 nale\u017cy wyrazi\u0107\/b\u0105d\u017a nie wyrazi\u0107 zgody na rozpowszechnianie wizerunku, przy wyborze zgody nale\u017cy podpisa\u0107 umow\u0119.<\/li>\n\n\n\n<li>W trakcie sesji nale\u017cy zwr\u00f3ci\u0107 uwag\u0119 Fotografowi na uj\u0119cia na kt\u00f3rych zale\u017cy Klientowi, przed ko\u0144cem sesji przypomnie\u0107 i skonsultowa\u0107 uj\u0119cia, kt\u00f3re powsta\u0142y. Natomiast je\u015bli Klient nie posiada \u017cadnych konkretnych wytycznych nie ma takiej potrzeby.<\/li>\n\n\n\n<li>Podczas wykonywania sesji zdj\u0119ciowej JEST ZAKAZ wykonywania zdj\u0119\u0107 telefonem kom\u00f3rkowym, tabletem itp.<\/li>\n\n\n\n<li>W zwi\u0105zku z czasem obr\u00f3bki graficznej zdj\u0119\u0107 czas oczekiwania na zdj\u0119cia to 35 dni roboczych. W przypadku zachorowania fotografa, b\u0105d\u017a jakiegokolwiek innego nietypowego zdarzenia losowego okres ten mo\u017ce ulec zmianie.<\/li>\n\n\n\n<li>Za szkody wyrz\u0105dzone w trakcie sesji (zbite lampy, st\u0142uczone lub uszkodzone rekwizyty itp.) ponosi Klient.<\/li>\n\n\n\n<li>W momencie dokonania rezerwacji w firmie Fotografia Agnieszka Chudzik zak\u0142ada si\u0119, \u017ce Klient w pe\u0142ni zgadza si\u0119 i akceptuje koncept pracy Fotografa tj. spos\u00f3b fotografowania, proces post produkcji zdj\u0119\u0107 oraz poczucie estetyki. Z tego za\u0142o\u017cenia nie ma mo\u017cliwo\u015bci dokonania reklamacji uj\u0119\u0107 w oparci o w\/w aspekty, nie ma mo\u017cliwo\u015bci r\u00f3wnie\u017c wymiany uj\u0119\u0107 na inne chyba, \u017ce Fotograf zadecyduje inaczej.<\/li>\n<\/ol>\n\n\n\n<p><\/p>\n\n\n\n<p><\/p>\n\n\n\n<p><\/p>\n","protected":false},"excerpt":{"rendered":"<p>REGULAMIN STUDIA A. Chudzik FOTOGRAFIA<\/p>\n","protected":false},"author":1,"featured_media":0,"parent":0,"menu_order":0,"comment_status":"closed","ping_status":"closed","template":"","meta":[],"_links":{"self":[{"href":"https:\/\/www.fotochudzik.pl\/index.php\/wp-json\/wp\/v2\/pages\/3493"}],"collection":[{"href":"https:\/\/www.fotochudzik.pl\/index.php\/wp-json\/wp\/v2\/pages"}],"about":[{"href":"https:\/\/www.fotochudzik.pl\/index.php\/wp-json\/wp\/v2\/types\/page"}],"author":[{"embeddable":true,"href":"https:\/\/www.fotochudzik.pl\/index.php\/wp-json\/wp\/v2\/users\/1"}],"replies":[{"embeddable":true,"href":"https:\/\/www.fotochudzik.pl\/index.php\/wp-json\/wp\/v2\/comments?post=3493"}],"version-history":[{"count":6,"href":"https:\/\/www.fotochudzik.pl\/index.php\/wp-json\/wp\/v2\/pages\/3493\/revisions"}],"predecessor-version":[{"id":3553,"href":"https:\/\/www.fotochudzik.pl\/index.php\/wp-json\/wp\/v2\/pages\/3493\/revisions\/3553"}],"wp:attachment":[{"href":"https:\/\/www.fotochudzik.pl\/index.php\/wp-json\/wp\/v2\/media?parent=3493"}],"curies":[{"name":"wp","href":"https:\/\/api.w.org\/{rel}","templated":true}]}}